{"id":2107,"date":"2024-04-23T11:54:45","date_gmt":"2024-04-23T09:54:45","guid":{"rendered":"https:\/\/manadeboch.com\/?page_id=2107"},"modified":"2024-04-26T14:50:24","modified_gmt":"2024-04-26T12:50:24","slug":"mentions-legales","status":"publish","type":"page","link":"https:\/\/manadeboch.com\/index.php\/mentions-legales\/","title":{"rendered":"Mentions l\u00e9gales"},"content":{"rendered":"\t\t<div data-elementor-type=\"wp-page\" data-elementor-id=\"2107\" class=\"elementor elementor-2107\">\n\t\t\t\t<div class=\"elementor-element elementor-element-bda2ede e-con-full e-flex wpr-particle-no wpr-jarallax-no wpr-parallax-no wpr-sticky-section-no elementor-invisible e-con e-parent\" data-id=\"bda2ede\" data-element_type=\"container\" data-settings=\"{&quot;background_background&quot;:&quot;classic&quot;,&quot;animation&quot;:&quot;fadeInDown&quot;}\">\n\t\t\t\t<div class=\"elementor-element elementor-element-d2f488a elementor-widget elementor-widget-heading\" data-id=\"d2f488a\" data-element_type=\"widget\" data-widget_type=\"heading.default\">\n\t\t\t\t\t<h2 class=\"elementor-heading-title elementor-size-default\">MENTIONS L\u00c9GALES<\/h2>\t\t\t\t<\/div>\n\t\t\t\t<\/div>\n\t\t<div class=\"elementor-element elementor-element-583cfd9 e-flex e-con-boxed wpr-particle-no wpr-jarallax-no wpr-parallax-no wpr-sticky-section-no e-con e-parent\" data-id=\"583cfd9\" data-element_type=\"container\">\n\t\t\t\t\t<div class=\"e-con-inner\">\n\t\t\t\t<div class=\"elementor-element elementor-element-b95231e wpr-advanced-accordion-icon-side-box elementor-widget elementor-widget-wpr-advanced-accordion\" data-id=\"b95231e\" data-element_type=\"widget\" data-settings=\"{&quot;active_item&quot;:1}\" data-widget_type=\"wpr-advanced-accordion.default\">\n\t\t\t\t\t\n            <div class=\"wpr-advanced-accordion\" data-accordion-type=\"accordion\" data-active-index=\"1\" data-accordion-trigger=\"click\" data-interaction-speed=\"0.4\">\n\n\t\t\t\n                \n\t\t\t\t\t<div class=\"wpr-accordion-item-wrap\">\n\t\t\t\t\t\t<button class=\"wpr-acc-button\">\n\t\t\t\t\t\t\t<span class=\"wpr-acc-item-title\">\n\t\t\t\t\t\t\t\t\t\t\t\t\t\t\t\t\t<div class=\"wpr-acc-icon-box\">\n\t\t\t\t\t\t\t\t\t\t\t\t\t\t<span class=\"wpr-title-icon\">\n\t\t\t\t\t<svg aria-hidden=\"true\" class=\"e-font-icon-svg e-fas-arrow-right\" viewBox=\"0 0 448 512\" xmlns=\"http:\/\/www.w3.org\/2000\/svg\"><path d=\"M190.5 66.9l22.2-22.2c9.4-9.4 24.6-9.4 33.9 0L441 239c9.4 9.4 9.4 24.6 0 33.9L246.6 467.3c-9.4 9.4-24.6 9.4-33.9 0l-22.2-22.2c-9.5-9.5-9.3-25 .4-34.3L311.4 296H24c-13.3 0-24-10.7-24-24v-32c0-13.3 10.7-24 24-24h287.4L190.9 101.2c-9.8-9.3-10-24.8-.4-34.3z\"><\/path><\/svg>\t\t\t\t<\/span>\n\t\t\t\t\t\t\t\t\t\t\t\t<\/div>\n\t\t\t\t\t\t\t\t\n\t\t\t\t\t\t\t\t<span class=\"wpr-acc-title-text\">\u00c9dition du site internet<\/span>\n\t\t\t\t\t\t\t<\/span>\n\t\t\t\t\t\t\t\t\t\t\t<span class=\"wpr-toggle-icon wpr-ti-close\"><svg aria-hidden=\"true\" class=\"e-font-icon-svg e-fas-plus\" viewBox=\"0 0 448 512\" xmlns=\"http:\/\/www.w3.org\/2000\/svg\"><path d=\"M416 208H272V64c0-17.67-14.33-32-32-32h-32c-17.67 0-32 14.33-32 32v144H32c-17.67 0-32 14.33-32 32v32c0 17.67 14.33 32 32 32h144v144c0 17.67 14.33 32 32 32h32c17.67 0 32-14.33 32-32V304h144c17.67 0 32-14.33 32-32v-32c0-17.67-14.33-32-32-32z\"><\/path><\/svg><\/span>\n\t\t\t\t<span class=\"wpr-toggle-icon wpr-ti-open\"><svg aria-hidden=\"true\" class=\"e-font-icon-svg e-fas-minus\" viewBox=\"0 0 448 512\" xmlns=\"http:\/\/www.w3.org\/2000\/svg\"><path d=\"M416 208H32c-17.67 0-32 14.33-32 32v32c0 17.67 14.33 32 32 32h384c17.67 0 32-14.33 32-32v-32c0-17.67-14.33-32-32-32z\"><\/path><\/svg><\/span>\n\t\t\t\t\t\t\t\t\t<\/button>\n\n\t\t\t\t\t\t<div class=\"wpr-acc-panel\">\n\t\t\t\t\t\t\t\t\t\t\t\t\t\t\t<div class=\"wpr-acc-panel-content\"><p>Le site Manade Boch (ci-apr\u00e8s \u201cle Site\u201d), accessible \u00e0 l\u2019adresse <strong>https:\/\/manadeboch.com <\/strong>est \u00e9dit\u00e9 par MARION BOCH (ci-apr\u00e8s \u201cl\u2019Editeur\u201d), dont le domicile est La Prade, 34130 Lansargues (06 71 44 99 73 ; marionboch@hotmail.com)<\/p><\/div>\n\t\t\t\t\t\t\t\t\t\t\t\t\t<\/div>\n                    <\/div>\n\n                \n\t\t\t\t\t<div class=\"wpr-accordion-item-wrap\">\n\t\t\t\t\t\t<button class=\"wpr-acc-button\">\n\t\t\t\t\t\t\t<span class=\"wpr-acc-item-title\">\n\t\t\t\t\t\t\t\t\t\t\t\t\t\t\t\t\t<div class=\"wpr-acc-icon-box\">\n\t\t\t\t\t\t\t\t\t\t\t\t\t\t<span class=\"wpr-title-icon\">\n\t\t\t\t\t<svg aria-hidden=\"true\" class=\"e-font-icon-svg e-fas-arrow-right\" viewBox=\"0 0 448 512\" xmlns=\"http:\/\/www.w3.org\/2000\/svg\"><path d=\"M190.5 66.9l22.2-22.2c9.4-9.4 24.6-9.4 33.9 0L441 239c9.4 9.4 9.4 24.6 0 33.9L246.6 467.3c-9.4 9.4-24.6 9.4-33.9 0l-22.2-22.2c-9.5-9.5-9.3-25 .4-34.3L311.4 296H24c-13.3 0-24-10.7-24-24v-32c0-13.3 10.7-24 24-24h287.4L190.9 101.2c-9.8-9.3-10-24.8-.4-34.3z\"><\/path><\/svg>\t\t\t\t<\/span>\n\t\t\t\t\t\t\t\t\t\t\t\t<\/div>\n\t\t\t\t\t\t\t\t\n\t\t\t\t\t\t\t\t<span class=\"wpr-acc-title-text\">R\u00e9daction du site internet<\/span>\n\t\t\t\t\t\t\t<\/span>\n\t\t\t\t\t\t\t\t\t\t\t<span class=\"wpr-toggle-icon wpr-ti-close\"><svg aria-hidden=\"true\" class=\"e-font-icon-svg e-fas-plus\" viewBox=\"0 0 448 512\" xmlns=\"http:\/\/www.w3.org\/2000\/svg\"><path d=\"M416 208H272V64c0-17.67-14.33-32-32-32h-32c-17.67 0-32 14.33-32 32v144H32c-17.67 0-32 14.33-32 32v32c0 17.67 14.33 32 32 32h144v144c0 17.67 14.33 32 32 32h32c17.67 0 32-14.33 32-32V304h144c17.67 0 32-14.33 32-32v-32c0-17.67-14.33-32-32-32z\"><\/path><\/svg><\/span>\n\t\t\t\t<span class=\"wpr-toggle-icon wpr-ti-open\"><svg aria-hidden=\"true\" class=\"e-font-icon-svg e-fas-minus\" viewBox=\"0 0 448 512\" xmlns=\"http:\/\/www.w3.org\/2000\/svg\"><path d=\"M416 208H32c-17.67 0-32 14.33-32 32v32c0 17.67 14.33 32 32 32h384c17.67 0 32-14.33 32-32v-32c0-17.67-14.33-32-32-32z\"><\/path><\/svg><\/span>\n\t\t\t\t\t\t\t\t\t<\/button>\n\n\t\t\t\t\t\t<div class=\"wpr-acc-panel\">\n\t\t\t\t\t\t\t\t\t\t\t\t\t\t\t<div class=\"wpr-acc-panel-content\"><p>Directeur de la publication : MARION FARACO \u2013 PIMP YOUR COM<\/p><p>Contact : hellopimpyourcom@gmail.com<\/p><\/div>\n\t\t\t\t\t\t\t\t\t\t\t\t\t<\/div>\n                    <\/div>\n\n                \n\t\t\t\t\t<div class=\"wpr-accordion-item-wrap\">\n\t\t\t\t\t\t<button class=\"wpr-acc-button\">\n\t\t\t\t\t\t\t<span class=\"wpr-acc-item-title\">\n\t\t\t\t\t\t\t\t\t\t\t\t\t\t\t\t\t<div class=\"wpr-acc-icon-box\">\n\t\t\t\t\t\t\t\t\t\t\t\t\t\t<span class=\"wpr-title-icon\">\n\t\t\t\t\t<svg aria-hidden=\"true\" class=\"e-font-icon-svg e-fas-arrow-right\" viewBox=\"0 0 448 512\" xmlns=\"http:\/\/www.w3.org\/2000\/svg\"><path d=\"M190.5 66.9l22.2-22.2c9.4-9.4 24.6-9.4 33.9 0L441 239c9.4 9.4 9.4 24.6 0 33.9L246.6 467.3c-9.4 9.4-24.6 9.4-33.9 0l-22.2-22.2c-9.5-9.5-9.3-25 .4-34.3L311.4 296H24c-13.3 0-24-10.7-24-24v-32c0-13.3 10.7-24 24-24h287.4L190.9 101.2c-9.8-9.3-10-24.8-.4-34.3z\"><\/path><\/svg>\t\t\t\t<\/span>\n\t\t\t\t\t\t\t\t\t\t\t\t<\/div>\n\t\t\t\t\t\t\t\t\n\t\t\t\t\t\t\t\t<span class=\"wpr-acc-title-text\">H\u00e9bergeur du site internet<\/span>\n\t\t\t\t\t\t\t<\/span>\n\t\t\t\t\t\t\t\t\t\t\t<span class=\"wpr-toggle-icon wpr-ti-close\"><svg aria-hidden=\"true\" class=\"e-font-icon-svg e-fas-plus\" viewBox=\"0 0 448 512\" xmlns=\"http:\/\/www.w3.org\/2000\/svg\"><path d=\"M416 208H272V64c0-17.67-14.33-32-32-32h-32c-17.67 0-32 14.33-32 32v144H32c-17.67 0-32 14.33-32 32v32c0 17.67 14.33 32 32 32h144v144c0 17.67 14.33 32 32 32h32c17.67 0 32-14.33 32-32V304h144c17.67 0 32-14.33 32-32v-32c0-17.67-14.33-32-32-32z\"><\/path><\/svg><\/span>\n\t\t\t\t<span class=\"wpr-toggle-icon wpr-ti-open\"><svg aria-hidden=\"true\" class=\"e-font-icon-svg e-fas-minus\" viewBox=\"0 0 448 512\" xmlns=\"http:\/\/www.w3.org\/2000\/svg\"><path d=\"M416 208H32c-17.67 0-32 14.33-32 32v32c0 17.67 14.33 32 32 32h384c17.67 0 32-14.33 32-32v-32c0-17.67-14.33-32-32-32z\"><\/path><\/svg><\/span>\n\t\t\t\t\t\t\t\t\t<\/button>\n\n\t\t\t\t\t\t<div class=\"wpr-acc-panel\">\n\t\t\t\t\t\t\t\t\t\t\t\t\t\t\t<div class=\"wpr-acc-panel-content\"><p>Le site Manade Boch est h\u00e9berg\u00e9 par Hostinger, dont le si\u00e8ge social est situ\u00e9 HOSTINGER INTERNATIONAL LTD, 61 Lordou Vironos Street, 6023 Larnaca, Chypre, joignable par le moyen suivant :https:\/\/www.hostinger.fr\/contact.<\/p><\/div>\n\t\t\t\t\t\t\t\t\t\t\t\t\t<\/div>\n                    <\/div>\n\n                \n\t\t\t\t\t<div class=\"wpr-accordion-item-wrap\">\n\t\t\t\t\t\t<button class=\"wpr-acc-button\">\n\t\t\t\t\t\t\t<span class=\"wpr-acc-item-title\">\n\t\t\t\t\t\t\t\t\t\t\t\t\t\t\t\t\t<div class=\"wpr-acc-icon-box\">\n\t\t\t\t\t\t\t\t\t\t\t\t\t\t<span class=\"wpr-title-icon\">\n\t\t\t\t\t<svg aria-hidden=\"true\" class=\"e-font-icon-svg e-fas-arrow-right\" viewBox=\"0 0 448 512\" xmlns=\"http:\/\/www.w3.org\/2000\/svg\"><path d=\"M190.5 66.9l22.2-22.2c9.4-9.4 24.6-9.4 33.9 0L441 239c9.4 9.4 9.4 24.6 0 33.9L246.6 467.3c-9.4 9.4-24.6 9.4-33.9 0l-22.2-22.2c-9.5-9.5-9.3-25 .4-34.3L311.4 296H24c-13.3 0-24-10.7-24-24v-32c0-13.3 10.7-24 24-24h287.4L190.9 101.2c-9.8-9.3-10-24.8-.4-34.3z\"><\/path><\/svg>\t\t\t\t<\/span>\n\t\t\t\t\t\t\t\t\t\t\t\t<\/div>\n\t\t\t\t\t\t\t\t\n\t\t\t\t\t\t\t\t<span class=\"wpr-acc-title-text\">Informations compl\u00e9mentaires<\/span>\n\t\t\t\t\t\t\t<\/span>\n\t\t\t\t\t\t\t\t\t\t\t<span class=\"wpr-toggle-icon wpr-ti-close\"><svg aria-hidden=\"true\" class=\"e-font-icon-svg e-fas-plus\" viewBox=\"0 0 448 512\" xmlns=\"http:\/\/www.w3.org\/2000\/svg\"><path d=\"M416 208H272V64c0-17.67-14.33-32-32-32h-32c-17.67 0-32 14.33-32 32v144H32c-17.67 0-32 14.33-32 32v32c0 17.67 14.33 32 32 32h144v144c0 17.67 14.33 32 32 32h32c17.67 0 32-14.33 32-32V304h144c17.67 0 32-14.33 32-32v-32c0-17.67-14.33-32-32-32z\"><\/path><\/svg><\/span>\n\t\t\t\t<span class=\"wpr-toggle-icon wpr-ti-open\"><svg aria-hidden=\"true\" class=\"e-font-icon-svg e-fas-minus\" viewBox=\"0 0 448 512\" xmlns=\"http:\/\/www.w3.org\/2000\/svg\"><path d=\"M416 208H32c-17.67 0-32 14.33-32 32v32c0 17.67 14.33 32 32 32h384c17.67 0 32-14.33 32-32v-32c0-17.67-14.33-32-32-32z\"><\/path><\/svg><\/span>\n\t\t\t\t\t\t\t\t\t<\/button>\n\n\t\t\t\t\t\t<div class=\"wpr-acc-panel\">\n\t\t\t\t\t\t\t\t\t\t\t\t\t\t\t<div class=\"wpr-acc-panel-content\"><p>INFORMATION<br \/>Les informations et documents contenues dans ce site sont non contractuelles, sujettes \u00e0 modification sans pr\u00e9avis et ne peuvent engager la responsabilit\u00e9 du propri\u00e9taire du site.<br \/>Le propri\u00e9taire du site ne peut \u00eatre tenu responsable des dommages directs et indirects cons\u00e9cutifs \u00e0 l\u2019acc\u00e8s au site.<\/p><p>\u00a0<\/p><p>\u00a0<\/p><p>CREDITS PHOTOS<\/p><p>Les noms des photographes et vid\u00e9astes ainsi que leurs productions (photos et vid\u00e9os) seront mentionn\u00e9s au fur et \u00e0 mesure de leur utilisation sur ce site. Nous accordons une grande importance au respect du travail des cr\u00e9ateurs et nous nous engageons \u00e0 reconna\u00eetre leur contribution artistique en les cr\u00e9ditant de mani\u00e8re appropri\u00e9e.<\/p><p>\u00a9<a href=\"https:\/\/www.instagram.com\/ludovic.lieffrig.photographe\/\"> Ludovic Lieffrig<\/a><\/p><p>\u00a9 <a href=\"https:\/\/www.instagram.com\/anaisarmelleguiraud\/\">Anais Armelle Guiraud<\/a><\/p><p>\u00a9 <a href=\"https:\/\/www.instagram.com\/davidz_photographer\/\">David Z<\/a><\/p><p>\u00a9 <a href=\"https:\/\/www.instagram.com\/gplanat.photographies\/\">Guillaume Planat<\/a><\/p><p>\u00a9 <a href=\"https:\/\/www.instagram.com\/melody_leporatti\/\">Melody Leporatti<\/a><\/p><p>\u00a9<a href=\"https:\/\/www.instagram.com\/lauramichelphotographe\/\"> Laura Michel<\/a><\/p><p>\u00a0<\/p><p>\u00a0<\/p><p>\u00a0<\/p><p>PROPRI\u00c9T\u00c9 INTELLECTUELLE<\/p><p>Tous les \u00e9l\u00e9ments pr\u00e9sents sur ce site, y compris les textes, les images, les vid\u00e9os, les logos, les \u00e9l\u00e9ments graphiques, ainsi que leur mise en forme, sont la propri\u00e9t\u00e9 exclusive de [Nom de l'entreprise] ou de ses partenaires et sont prot\u00e9g\u00e9s par les lois fran\u00e7aises et internationales relatives \u00e0 la propri\u00e9t\u00e9 intellectuelle.<\/p><p>Toute reproduction, distribution, modification, adaptation, ou utilisation, sous quelque forme que ce soit, des \u00e9l\u00e9ments pr\u00e9cit\u00e9s, sans l'autorisation pr\u00e9alable et \u00e9crite de [Nom de l'entreprise] ou du d\u00e9tenteur des droits concern\u00e9s, est strictement interdite et pourrait entra\u00eener des poursuites judiciaires<\/p><\/div>\n\t\t\t\t\t\t\t\t\t\t\t\t\t<\/div>\n                    <\/div>\n\n                            <\/div>\n        \t\t\t\t<\/div>\n\t\t\t\t\t<\/div>\n\t\t\t\t<\/div>\n\t\t\t\t<\/div>\n\t\t","protected":false},"excerpt":{"rendered":"<p>MENTIONS L\u00c9GALES \u00c9dition du site internet Le site Manade Boch (ci-apr\u00e8s \u201cle Site\u201d), accessible \u00e0 l\u2019adresse https:\/\/manadeboch.com est \u00e9dit\u00e9 par MARION BOCH (ci-apr\u00e8s \u201cl\u2019Editeur\u201d), dont le domicile est La Prade, 34130 Lansargues (06 71 44 99 73 ; marionboch@hotmail.com) R\u00e9daction du site internet Directeur de la publication : MARION FARACO \u2013 PIMP YOUR COM Contact : hellopimpyourcom@gmail.com H\u00e9bergeur du site internet Le site Manade Boch est h\u00e9berg\u00e9 par Hostinger, dont le si\u00e8ge social est situ\u00e9 HOSTINGER INTERNATIONAL LTD, 61 Lordou Vironos Street, 6023 Larnaca, Chypre, joignable par le moyen suivant :https:\/\/www.hostinger.fr\/contact. Informations compl\u00e9mentaires INFORMATIONLes informations et documents contenues dans ce site sont non contractuelles, sujettes \u00e0 modification sans pr\u00e9avis et ne peuvent engager la responsabilit\u00e9 du propri\u00e9taire du site.Le propri\u00e9taire du site ne peut \u00eatre tenu responsable des dommages directs et indirects cons\u00e9cutifs \u00e0 l\u2019acc\u00e8s au site. \u00a0 \u00a0 CREDITS PHOTOS Les noms des photographes et vid\u00e9astes ainsi que leurs productions (photos et vid\u00e9os) seront mentionn\u00e9s au fur et \u00e0 mesure de leur utilisation sur ce site. Nous accordons une grande importance au respect du travail des cr\u00e9ateurs et nous nous engageons \u00e0 reconna\u00eetre leur contribution artistique en les cr\u00e9ditant de mani\u00e8re appropri\u00e9e. \u00a9 Ludovic Lieffrig \u00a9 Anais Armelle Guiraud \u00a9 David Z \u00a9 Guillaume Planat \u00a9 Melody Leporatti \u00a9 Laura Michel \u00a0 \u00a0 \u00a0 PROPRI\u00c9T\u00c9 INTELLECTUELLE Tous les \u00e9l\u00e9ments pr\u00e9sents sur ce site, y compris les textes, les images, les vid\u00e9os, les logos, les \u00e9l\u00e9ments graphiques, ainsi que leur mise en forme, sont la propri\u00e9t\u00e9 exclusive de [Nom de l&#8217;entreprise] ou de ses partenaires et sont prot\u00e9g\u00e9s par les lois fran\u00e7aises et internationales relatives \u00e0 la propri\u00e9t\u00e9 intellectuelle. Toute reproduction, distribution, modification, adaptation, ou utilisation, sous quelque forme que ce soit, des \u00e9l\u00e9ments pr\u00e9cit\u00e9s, sans l&#8217;autorisation pr\u00e9alable et \u00e9crite de [Nom de l&#8217;entreprise] ou du d\u00e9tenteur des droits concern\u00e9s, est strictement interdite et pourrait entra\u00eener des poursuites judiciaires<\/p>\n","protected":false},"author":1,"featured_media":0,"parent":0,"menu_order":0,"comment_status":"closed","ping_status":"closed","template":"","meta":{"_themeisle_gutenberg_block_has_review":false,"two_page_speed":[],"footnotes":""},"class_list":["post-2107","page","type-page","status-publish","hentry","entry"],"yoast_head":"<!-- This site is optimized with the Yoast SEO plugin v26.6 - https:\/\/yoast.com\/wordpress\/plugins\/seo\/ -->\n<title>Mentions l\u00e9gales - manadeboch.com<\/title>\n<meta name=\"robots\" content=\"index, follow, max-snippet:-1, max-image-preview:large, max-video-preview:-1\" \/>\n<link rel=\"canonical\" href=\"https:\/\/manadeboch.com\/index.php\/mentions-legales\/\" \/>\n<meta property=\"og:locale\" content=\"fr_FR\" \/>\n<meta property=\"og:type\" content=\"article\" \/>\n<meta property=\"og:title\" content=\"Mentions l\u00e9gales - manadeboch.com\" \/>\n<meta property=\"og:description\" content=\"MENTIONS L\u00c9GALES \u00c9dition du site internet Le site Manade Boch (ci-apr\u00e8s \u201cle Site\u201d), accessible \u00e0 l\u2019adresse https:\/\/manadeboch.com est \u00e9dit\u00e9 par MARION BOCH (ci-apr\u00e8s \u201cl\u2019Editeur\u201d), dont le domicile est La Prade, 34130 Lansargues (06 71 44 99 73 ; marionboch@hotmail.com) R\u00e9daction du site internet Directeur de la publication : MARION FARACO \u2013 PIMP YOUR COM Contact : hellopimpyourcom@gmail.com H\u00e9bergeur du site internet Le site Manade Boch est h\u00e9berg\u00e9 par Hostinger, dont le si\u00e8ge social est situ\u00e9 HOSTINGER INTERNATIONAL LTD, 61 Lordou Vironos Street, 6023 Larnaca, Chypre, joignable par le moyen suivant :https:\/\/www.hostinger.fr\/contact. Informations compl\u00e9mentaires INFORMATIONLes informations et documents contenues dans ce site sont non contractuelles, sujettes \u00e0 modification sans pr\u00e9avis et ne peuvent engager la responsabilit\u00e9 du propri\u00e9taire du site.Le propri\u00e9taire du site ne peut \u00eatre tenu responsable des dommages directs et indirects cons\u00e9cutifs \u00e0 l\u2019acc\u00e8s au site. \u00a0 \u00a0 CREDITS PHOTOS Les noms des photographes et vid\u00e9astes ainsi que leurs productions (photos et vid\u00e9os) seront mentionn\u00e9s au fur et \u00e0 mesure de leur utilisation sur ce site. Nous accordons une grande importance au respect du travail des cr\u00e9ateurs et nous nous engageons \u00e0 reconna\u00eetre leur contribution artistique en les cr\u00e9ditant de mani\u00e8re appropri\u00e9e. \u00a9 Ludovic Lieffrig \u00a9 Anais Armelle Guiraud \u00a9 David Z \u00a9 Guillaume Planat \u00a9 Melody Leporatti \u00a9 Laura Michel \u00a0 \u00a0 \u00a0 PROPRI\u00c9T\u00c9 INTELLECTUELLE Tous les \u00e9l\u00e9ments pr\u00e9sents sur ce site, y compris les textes, les images, les vid\u00e9os, les logos, les \u00e9l\u00e9ments graphiques, ainsi que leur mise en forme, sont la propri\u00e9t\u00e9 exclusive de [Nom de l&#8217;entreprise] ou de ses partenaires et sont prot\u00e9g\u00e9s par les lois fran\u00e7aises et internationales relatives \u00e0 la propri\u00e9t\u00e9 intellectuelle. Toute reproduction, distribution, modification, adaptation, ou utilisation, sous quelque forme que ce soit, des \u00e9l\u00e9ments pr\u00e9cit\u00e9s, sans l&#8217;autorisation pr\u00e9alable et \u00e9crite de [Nom de l&#8217;entreprise] ou du d\u00e9tenteur des droits concern\u00e9s, est strictement interdite et pourrait entra\u00eener des poursuites judiciaires\" \/>\n<meta property=\"og:url\" content=\"https:\/\/manadeboch.com\/index.php\/mentions-legales\/\" \/>\n<meta property=\"og:site_name\" content=\"manadeboch.com\" \/>\n<meta property=\"article:modified_time\" content=\"2024-04-26T12:50:24+00:00\" \/>\n<meta name=\"twitter:card\" content=\"summary_large_image\" \/>\n<meta name=\"twitter:label1\" content=\"Dur\u00e9e de lecture estim\u00e9e\" \/>\n\t<meta name=\"twitter:data1\" content=\"2 minutes\" \/>\n<script type=\"application\/ld+json\" class=\"yoast-schema-graph\">{\"@context\":\"https:\/\/schema.org\",\"@graph\":[{\"@type\":\"WebPage\",\"@id\":\"https:\/\/manadeboch.com\/index.php\/mentions-legales\/\",\"url\":\"https:\/\/manadeboch.com\/index.php\/mentions-legales\/\",\"name\":\"Mentions l\u00e9gales - manadeboch.com\",\"isPartOf\":{\"@id\":\"https:\/\/manadeboch.com\/#website\"},\"datePublished\":\"2024-04-23T09:54:45+00:00\",\"dateModified\":\"2024-04-26T12:50:24+00:00\",\"breadcrumb\":{\"@id\":\"https:\/\/manadeboch.com\/index.php\/mentions-legales\/#breadcrumb\"},\"inLanguage\":\"fr-FR\",\"potentialAction\":[{\"@type\":\"ReadAction\",\"target\":[\"https:\/\/manadeboch.com\/index.php\/mentions-legales\/\"]}]},{\"@type\":\"BreadcrumbList\",\"@id\":\"https:\/\/manadeboch.com\/index.php\/mentions-legales\/#breadcrumb\",\"itemListElement\":[{\"@type\":\"ListItem\",\"position\":1,\"name\":\"Accueil\",\"item\":\"https:\/\/manadeboch.com\/\"},{\"@type\":\"ListItem\",\"position\":2,\"name\":\"Mentions l\u00e9gales\"}]},{\"@type\":\"WebSite\",\"@id\":\"https:\/\/manadeboch.com\/#website\",\"url\":\"https:\/\/manadeboch.com\/\",\"name\":\"manadeboch.com\",\"description\":\"\",\"publisher\":{\"@id\":\"https:\/\/manadeboch.com\/#organization\"},\"potentialAction\":[{\"@type\":\"SearchAction\",\"target\":{\"@type\":\"EntryPoint\",\"urlTemplate\":\"https:\/\/manadeboch.com\/?s={search_term_string}\"},\"query-input\":{\"@type\":\"PropertyValueSpecification\",\"valueRequired\":true,\"valueName\":\"search_term_string\"}}],\"inLanguage\":\"fr-FR\"},{\"@type\":\"Organization\",\"@id\":\"https:\/\/manadeboch.com\/#organization\",\"name\":\"Manade boch\",\"url\":\"https:\/\/manadeboch.com\/\",\"logo\":{\"@type\":\"ImageObject\",\"inLanguage\":\"fr-FR\",\"@id\":\"https:\/\/manadeboch.com\/#\/schema\/logo\/image\/\",\"url\":\"https:\/\/manadeboch.com\/wp-content\/uploads\/2024\/04\/cropped-MANADE-3.png\",\"contentUrl\":\"https:\/\/manadeboch.com\/wp-content\/uploads\/2024\/04\/cropped-MANADE-3.png\",\"width\":932,\"height\":194,\"caption\":\"Manade boch\"},\"image\":{\"@id\":\"https:\/\/manadeboch.com\/#\/schema\/logo\/image\/\"}}]}<\/script>\n<!-- \/ Yoast SEO plugin. -->","yoast_head_json":{"title":"Mentions l\u00e9gales - manadeboch.com","robots":{"index":"index","follow":"follow","max-snippet":"max-snippet:-1","max-image-preview":"max-image-preview:large","max-video-preview":"max-video-preview:-1"},"canonical":"https:\/\/manadeboch.com\/index.php\/mentions-legales\/","og_locale":"fr_FR","og_type":"article","og_title":"Mentions l\u00e9gales - manadeboch.com","og_description":"MENTIONS L\u00c9GALES \u00c9dition du site internet Le site Manade Boch (ci-apr\u00e8s \u201cle Site\u201d), accessible \u00e0 l\u2019adresse https:\/\/manadeboch.com est \u00e9dit\u00e9 par MARION BOCH (ci-apr\u00e8s \u201cl\u2019Editeur\u201d), dont le domicile est La Prade, 34130 Lansargues (06 71 44 99 73 ; marionboch@hotmail.com) R\u00e9daction du site internet Directeur de la publication : MARION FARACO \u2013 PIMP YOUR COM Contact : hellopimpyourcom@gmail.com H\u00e9bergeur du site internet Le site Manade Boch est h\u00e9berg\u00e9 par Hostinger, dont le si\u00e8ge social est situ\u00e9 HOSTINGER INTERNATIONAL LTD, 61 Lordou Vironos Street, 6023 Larnaca, Chypre, joignable par le moyen suivant :https:\/\/www.hostinger.fr\/contact. Informations compl\u00e9mentaires INFORMATIONLes informations et documents contenues dans ce site sont non contractuelles, sujettes \u00e0 modification sans pr\u00e9avis et ne peuvent engager la responsabilit\u00e9 du propri\u00e9taire du site.Le propri\u00e9taire du site ne peut \u00eatre tenu responsable des dommages directs et indirects cons\u00e9cutifs \u00e0 l\u2019acc\u00e8s au site. \u00a0 \u00a0 CREDITS PHOTOS Les noms des photographes et vid\u00e9astes ainsi que leurs productions (photos et vid\u00e9os) seront mentionn\u00e9s au fur et \u00e0 mesure de leur utilisation sur ce site. Nous accordons une grande importance au respect du travail des cr\u00e9ateurs et nous nous engageons \u00e0 reconna\u00eetre leur contribution artistique en les cr\u00e9ditant de mani\u00e8re appropri\u00e9e. \u00a9 Ludovic Lieffrig \u00a9 Anais Armelle Guiraud \u00a9 David Z \u00a9 Guillaume Planat \u00a9 Melody Leporatti \u00a9 Laura Michel \u00a0 \u00a0 \u00a0 PROPRI\u00c9T\u00c9 INTELLECTUELLE Tous les \u00e9l\u00e9ments pr\u00e9sents sur ce site, y compris les textes, les images, les vid\u00e9os, les logos, les \u00e9l\u00e9ments graphiques, ainsi que leur mise en forme, sont la propri\u00e9t\u00e9 exclusive de [Nom de l&#8217;entreprise] ou de ses partenaires et sont prot\u00e9g\u00e9s par les lois fran\u00e7aises et internationales relatives \u00e0 la propri\u00e9t\u00e9 intellectuelle. Toute reproduction, distribution, modification, adaptation, ou utilisation, sous quelque forme que ce soit, des \u00e9l\u00e9ments pr\u00e9cit\u00e9s, sans l&#8217;autorisation pr\u00e9alable et \u00e9crite de [Nom de l&#8217;entreprise] ou du d\u00e9tenteur des droits concern\u00e9s, est strictement interdite et pourrait entra\u00eener des poursuites judiciaires","og_url":"https:\/\/manadeboch.com\/index.php\/mentions-legales\/","og_site_name":"manadeboch.com","article_modified_time":"2024-04-26T12:50:24+00:00","twitter_card":"summary_large_image","twitter_misc":{"Dur\u00e9e de lecture estim\u00e9e":"2 minutes"},"schema":{"@context":"https:\/\/schema.org","@graph":[{"@type":"WebPage","@id":"https:\/\/manadeboch.com\/index.php\/mentions-legales\/","url":"https:\/\/manadeboch.com\/index.php\/mentions-legales\/","name":"Mentions l\u00e9gales - manadeboch.com","isPartOf":{"@id":"https:\/\/manadeboch.com\/#website"},"datePublished":"2024-04-23T09:54:45+00:00","dateModified":"2024-04-26T12:50:24+00:00","breadcrumb":{"@id":"https:\/\/manadeboch.com\/index.php\/mentions-legales\/#breadcrumb"},"inLanguage":"fr-FR","potentialAction":[{"@type":"ReadAction","target":["https:\/\/manadeboch.com\/index.php\/mentions-legales\/"]}]},{"@type":"BreadcrumbList","@id":"https:\/\/manadeboch.com\/index.php\/mentions-legales\/#breadcrumb","itemListElement":[{"@type":"ListItem","position":1,"name":"Accueil","item":"https:\/\/manadeboch.com\/"},{"@type":"ListItem","position":2,"name":"Mentions l\u00e9gales"}]},{"@type":"WebSite","@id":"https:\/\/manadeboch.com\/#website","url":"https:\/\/manadeboch.com\/","name":"manadeboch.com","description":"","publisher":{"@id":"https:\/\/manadeboch.com\/#organization"},"potentialAction":[{"@type":"SearchAction","target":{"@type":"EntryPoint","urlTemplate":"https:\/\/manadeboch.com\/?s={search_term_string}"},"query-input":{"@type":"PropertyValueSpecification","valueRequired":true,"valueName":"search_term_string"}}],"inLanguage":"fr-FR"},{"@type":"Organization","@id":"https:\/\/manadeboch.com\/#organization","name":"Manade boch","url":"https:\/\/manadeboch.com\/","logo":{"@type":"ImageObject","inLanguage":"fr-FR","@id":"https:\/\/manadeboch.com\/#\/schema\/logo\/image\/","url":"https:\/\/manadeboch.com\/wp-content\/uploads\/2024\/04\/cropped-MANADE-3.png","contentUrl":"https:\/\/manadeboch.com\/wp-content\/uploads\/2024\/04\/cropped-MANADE-3.png","width":932,"height":194,"caption":"Manade boch"},"image":{"@id":"https:\/\/manadeboch.com\/#\/schema\/logo\/image\/"}}]}},"_links":{"self":[{"href":"https:\/\/manadeboch.com\/index.php\/wp-json\/wp\/v2\/pages\/2107","targetHints":{"allow":["GET"]}}],"collection":[{"href":"https:\/\/manadeboch.com\/index.php\/wp-json\/wp\/v2\/pages"}],"about":[{"href":"https:\/\/manadeboch.com\/index.php\/wp-json\/wp\/v2\/types\/page"}],"author":[{"embeddable":true,"href":"https:\/\/manadeboch.com\/index.php\/wp-json\/wp\/v2\/users\/1"}],"replies":[{"embeddable":true,"href":"https:\/\/manadeboch.com\/index.php\/wp-json\/wp\/v2\/comments?post=2107"}],"version-history":[{"count":25,"href":"https:\/\/manadeboch.com\/index.php\/wp-json\/wp\/v2\/pages\/2107\/revisions"}],"predecessor-version":[{"id":2193,"href":"https:\/\/manadeboch.com\/index.php\/wp-json\/wp\/v2\/pages\/2107\/revisions\/2193"}],"wp:attachment":[{"href":"https:\/\/manadeboch.com\/index.php\/wp-json\/wp\/v2\/media?parent=2107"}],"curies":[{"name":"wp","href":"https:\/\/api.w.org\/{rel}","templated":true}]}}