{"id":2550,"date":"2026-05-15T16:04:50","date_gmt":"2026-05-15T14:04:50","guid":{"rendered":"https:\/\/manadeboch.com\/?page_id=2550"},"modified":"2026-05-15T16:15:49","modified_gmt":"2026-05-15T14:15:49","slug":"le-domaine-copy","status":"publish","type":"page","link":"https:\/\/manadeboch.com\/index.php\/le-domaine-copy\/","title":{"rendered":"Les activit\u00e9s traditionnelles"},"content":{"rendered":"\t\t<div data-elementor-type=\"wp-page\" data-elementor-id=\"2550\" class=\"elementor elementor-2550\">\n\t\t\t\t<div class=\"elementor-element elementor-element-ef312c4 e-con-full e-flex wpr-particle-no wpr-jarallax-no wpr-parallax-no wpr-sticky-section-no wpr-column-slider-no wpr-equal-height-no elementor-invisible e-con e-parent\" data-id=\"ef312c4\" data-element_type=\"container\" data-e-type=\"container\" data-settings=\"{&quot;background_background&quot;:&quot;classic&quot;,&quot;animation&quot;:&quot;fadeInUp&quot;}\">\n\t\t\t\t<div class=\"elementor-element elementor-element-9957dc7 animated-slow elementor-invisible elementor-widget elementor-widget-heading\" data-id=\"9957dc7\" data-element_type=\"widget\" data-e-type=\"widget\" data-settings=\"{&quot;_animation&quot;:&quot;fadeInUp&quot;}\" data-widget_type=\"heading.default\">\n\t\t\t\t\t<h2 class=\"elementor-heading-title elementor-size-default\">LES ACTIVIT\u00c9S TRADITIONNELLES<\/h2>\t\t\t\t<\/div>\n\t\t\t\t<div class=\"elementor-element elementor-element-dcb38bd animated-slow elementor-invisible elementor-widget elementor-widget-text-editor\" data-id=\"dcb38bd\" data-element_type=\"widget\" data-e-type=\"widget\" data-settings=\"{&quot;_animation&quot;:&quot;fadeInUp&quot;}\" data-widget_type=\"text-editor.default\">\n\t\t\t\t\t\t\t\t\t<p>D\u00e9paysement assur\u00e9\u202f\u00a0: nos activit\u00e9s Camarguaises vous feront voyager.<br \/>Laissez-vous guider par vos h\u00f4tes\u00a0Olivier et Marion\u00a0qui, par un d\u00e9roulement soign\u00e9 durant lequel vous approcherez les taureaux, vous feront d\u00e9couvrir les activit\u00e9s principales d\u2019une manade.<\/p>\t\t\t\t\t\t\t\t<\/div>\n\t\t\t\t<\/div>\n\t\t<div class=\"elementor-element elementor-element-27ed7ba e-flex e-con-boxed wpr-particle-no wpr-jarallax-no wpr-parallax-no wpr-sticky-section-no wpr-column-slider-no wpr-equal-height-no e-con e-parent\" data-id=\"27ed7ba\" data-element_type=\"container\" data-e-type=\"container\">\n\t\t\t\t\t<div class=\"e-con-inner\">\n\t\t<div class=\"elementor-element elementor-element-661ce59 e-con-full e-flex wpr-particle-no wpr-jarallax-no wpr-parallax-no wpr-sticky-section-no wpr-column-slider-no wpr-equal-height-no elementor-invisible e-con e-child\" data-id=\"661ce59\" data-element_type=\"container\" data-e-type=\"container\" data-settings=\"{&quot;animation&quot;:&quot;slideInLeft&quot;}\">\n\t\t\t\t<div class=\"elementor-element elementor-element-5506a67 elementor-widget elementor-widget-heading\" data-id=\"5506a67\" data-element_type=\"widget\" data-e-type=\"widget\" data-widget_type=\"heading.default\">\n\t\t\t\t\t<h2 class=\"elementor-heading-title elementor-size-default\">Une exp\u00e9rience immersive dans le quotidien des gardians<\/h2>\t\t\t\t<\/div>\n\t\t\t\t<div class=\"elementor-element elementor-element-e8fe21f elementor-widget-tablet_extra__width-initial elementor-hidden-mobile elementor-widget elementor-widget-image\" data-id=\"e8fe21f\" data-element_type=\"widget\" data-e-type=\"widget\" data-widget_type=\"image.default\">\n\t\t\t\t\t\t\t\t\t\t\t\t\t\t\t<img fetchpriority=\"high\" decoding=\"async\" width=\"938\" height=\"1563\" src=\"https:\/\/manadeboch.com\/wp-content\/uploads\/2024\/04\/Design-sans-titre-3.jpg\" class=\"attachment-full size-full wp-image-199\" alt=\"\" srcset=\"https:\/\/manadeboch.com\/wp-content\/uploads\/2024\/04\/Design-sans-titre-3.jpg 938w, https:\/\/manadeboch.com\/wp-content\/uploads\/2024\/04\/Design-sans-titre-3-180x300.jpg 180w, https:\/\/manadeboch.com\/wp-content\/uploads\/2024\/04\/Design-sans-titre-3-615x1024.jpg 615w, https:\/\/manadeboch.com\/wp-content\/uploads\/2024\/04\/Design-sans-titre-3-768x1280.jpg 768w, https:\/\/manadeboch.com\/wp-content\/uploads\/2024\/04\/Design-sans-titre-3-922x1536.jpg 922w\" sizes=\"(max-width: 938px) 100vw, 938px\" \/>\t\t\t\t\t\t\t\t\t\t\t\t\t\t\t<\/div>\n\t\t\t\t<\/div>\n\t\t<div class=\"elementor-element elementor-element-49ea5f9 e-con-full e-flex wpr-particle-no wpr-jarallax-no wpr-parallax-no wpr-sticky-section-no wpr-column-slider-no wpr-equal-height-no elementor-invisible e-con e-child\" data-id=\"49ea5f9\" data-element_type=\"container\" data-e-type=\"container\" data-settings=\"{&quot;animation&quot;:&quot;slideInRight&quot;}\">\n\t\t\t\t<div class=\"elementor-element elementor-element-9fe35f7 elementor-widget elementor-widget-heading\" data-id=\"9fe35f7\" data-element_type=\"widget\" data-e-type=\"widget\" data-widget_type=\"heading.default\">\n\t\t\t\t\t<h2 class=\"elementor-heading-title elementor-size-default\">D\u00e9couvrez en quelques mots notre domaine\u200b<\/h2>\t\t\t\t<\/div>\n\t\t\t\t<div class=\"elementor-element elementor-element-da3716e elementor-widget elementor-widget-text-editor\" data-id=\"da3716e\" data-element_type=\"widget\" data-e-type=\"widget\" data-widget_type=\"text-editor.default\">\n\t\t\t\t\t\t\t\t\t<p>Vous vivrez une exp\u00e9rience en immersion dans le quotidien de nos gardians, qui partageront avec passion leurs traditions lors d&#8217;une exp\u00e9rience immersive inoubliable. Sur r\u00e9servation, nous vous proposons une vari\u00e9t\u00e9 d&#8217;animations pour enrichir votre s\u00e9jour :<br \/>Un forfait Traditionnel commence par un accueil de tous les convives par une haie d&#8217;honneur de gardians \u00e0 l&#8217;entr\u00e9e de notre domaine, suivi d&#8217;une d\u00e9monstration sonoris\u00e9e et comment\u00e9e par le manadier sur le tri des taureaux, ainsi qu&#8217;une ferrade traditionnelle.<\/p><p><strong>Vous pouvez \u00e9galement agr\u00e9menter votre programme avec d&#8217;autres activit\u00e9s telles que :<\/strong><\/p><ul><li>La course des vachettes<\/li><li>Une visite guid\u00e9e du domaine en charrette tir\u00e9e par des chevaux<\/li><li>Une ambiance musicale anim\u00e9e par un groupe de type Gipsy Kings<\/li><li>Des promenades \u00e0 cheval<\/li><li>Une animation musicale assur\u00e9e par un DJ accompagn\u00e9 d&#8217;un saxophoniste pour une ambiance festive et dynamique.<\/li><\/ul>\t\t\t\t\t\t\t\t<\/div>\n\t\t\t\t<div class=\"elementor-element elementor-element-ed91539 elementor-mobile-align-center elementor-widget elementor-widget-button\" data-id=\"ed91539\" data-element_type=\"widget\" data-e-type=\"widget\" data-widget_type=\"button.default\">\n\t\t\t\t\t\t\t\t\t\t<a class=\"elementor-button elementor-button-link elementor-size-sm\" href=\"https:\/\/manadeboch.com\/index.php\/infos-pratiques\/\">\n\t\t\t\t\t\t<span class=\"elementor-button-content-wrapper\">\n\t\t\t\t\t\t\t\t\t<span class=\"elementor-button-text\">J'ORGANISE MON \u00c9V\u00c8NEMENT \u00c0 LA MANADE<\/span>\n\t\t\t\t\t<\/span>\n\t\t\t\t\t<\/a>\n\t\t\t\t\t\t\t\t<\/div>\n\t\t\t\t<\/div>\n\t\t\t\t\t<\/div>\n\t\t\t\t<\/div>\n\t\t\t\t<\/div>\n\t\t","protected":false},"excerpt":{"rendered":"<p>LES ACTIVIT\u00c9S TRADITIONNELLES D\u00e9paysement assur\u00e9\u202f\u00a0: nos activit\u00e9s Camarguaises vous feront voyager.Laissez-vous guider par vos h\u00f4tes\u00a0Olivier et Marion\u00a0qui, par un d\u00e9roulement soign\u00e9 durant lequel vous approcherez les taureaux, vous feront d\u00e9couvrir les activit\u00e9s principales d\u2019une manade. Une exp\u00e9rience immersive dans le quotidien des gardians D\u00e9couvrez en quelques mots notre domaine\u200b Vous vivrez une exp\u00e9rience en immersion dans le quotidien de nos gardians, qui partageront avec passion leurs traditions lors d&#8217;une exp\u00e9rience immersive inoubliable. Sur r\u00e9servation, nous vous proposons une vari\u00e9t\u00e9 d&#8217;animations pour enrichir votre s\u00e9jour :Un forfait Traditionnel commence par un accueil de tous les convives par une haie d&#8217;honneur de gardians \u00e0 l&#8217;entr\u00e9e de notre domaine, suivi d&#8217;une d\u00e9monstration sonoris\u00e9e et comment\u00e9e par le manadier sur le tri des taureaux, ainsi qu&#8217;une ferrade traditionnelle. Vous pouvez \u00e9galement agr\u00e9menter votre programme avec d&#8217;autres activit\u00e9s telles que : La course des vachettes Une visite guid\u00e9e du domaine en charrette tir\u00e9e par des chevaux Une ambiance musicale anim\u00e9e par un groupe de type Gipsy Kings Des promenades \u00e0 cheval Une animation musicale assur\u00e9e par un DJ accompagn\u00e9 d&#8217;un saxophoniste pour une ambiance festive et dynamique. J&#8217;ORGANISE MON \u00c9V\u00c8NEMENT \u00c0 LA MANADE<\/p>\n","protected":false},"author":1,"featured_media":0,"parent":0,"menu_order":0,"comment_status":"closed","ping_status":"closed","template":"","meta":{"_themeisle_gutenberg_block_has_review":false,"two_page_speed":[],"footnotes":""},"class_list":["post-2550","page","type-page","status-publish","hentry","entry"],"yoast_head":"<!-- This site is optimized with the Yoast SEO plugin v27.4 - https:\/\/yoast.com\/product\/yoast-seo-wordpress\/ -->\n<title>Les activit\u00e9s traditionnelles - manadeboch.com<\/title>\n<meta name=\"robots\" content=\"index, follow, max-snippet:-1, max-image-preview:large, max-video-preview:-1\" \/>\n<link rel=\"canonical\" href=\"https:\/\/manadeboch.com\/index.php\/le-domaine-copy\/\" \/>\n<meta property=\"og:locale\" content=\"fr_FR\" \/>\n<meta property=\"og:type\" content=\"article\" \/>\n<meta property=\"og:title\" content=\"Les activit\u00e9s traditionnelles - manadeboch.com\" \/>\n<meta property=\"og:description\" content=\"LES ACTIVIT\u00c9S TRADITIONNELLES D\u00e9paysement assur\u00e9\u202f\u00a0: nos activit\u00e9s Camarguaises vous feront voyager.Laissez-vous guider par vos h\u00f4tes\u00a0Olivier et Marion\u00a0qui, par un d\u00e9roulement soign\u00e9 durant lequel vous approcherez les taureaux, vous feront d\u00e9couvrir les activit\u00e9s principales d\u2019une manade. Une exp\u00e9rience immersive dans le quotidien des gardians D\u00e9couvrez en quelques mots notre domaine\u200b Vous vivrez une exp\u00e9rience en immersion dans le quotidien de nos gardians, qui partageront avec passion leurs traditions lors d&#8217;une exp\u00e9rience immersive inoubliable. Sur r\u00e9servation, nous vous proposons une vari\u00e9t\u00e9 d&#8217;animations pour enrichir votre s\u00e9jour :Un forfait Traditionnel commence par un accueil de tous les convives par une haie d&#8217;honneur de gardians \u00e0 l&#8217;entr\u00e9e de notre domaine, suivi d&#8217;une d\u00e9monstration sonoris\u00e9e et comment\u00e9e par le manadier sur le tri des taureaux, ainsi qu&#8217;une ferrade traditionnelle. Vous pouvez \u00e9galement agr\u00e9menter votre programme avec d&#8217;autres activit\u00e9s telles que : La course des vachettes Une visite guid\u00e9e du domaine en charrette tir\u00e9e par des chevaux Une ambiance musicale anim\u00e9e par un groupe de type Gipsy Kings Des promenades \u00e0 cheval Une animation musicale assur\u00e9e par un DJ accompagn\u00e9 d&#8217;un saxophoniste pour une ambiance festive et dynamique. J&#8217;ORGANISE MON \u00c9V\u00c8NEMENT \u00c0 LA MANADE\" \/>\n<meta property=\"og:url\" content=\"https:\/\/manadeboch.com\/index.php\/le-domaine-copy\/\" \/>\n<meta property=\"og:site_name\" content=\"manadeboch.com\" \/>\n<meta property=\"article:modified_time\" content=\"2026-05-15T14:15:49+00:00\" \/>\n<meta property=\"og:image\" content=\"https:\/\/manadeboch.com\/wp-content\/uploads\/2024\/04\/Design-sans-titre-3.jpg\" \/>\n\t<meta property=\"og:image:width\" content=\"938\" \/>\n\t<meta property=\"og:image:height\" content=\"1563\" \/>\n\t<meta property=\"og:image:type\" content=\"image\/jpeg\" \/>\n<meta name=\"twitter:card\" content=\"summary_large_image\" \/>\n<meta name=\"twitter:label1\" content=\"Dur\u00e9e de lecture estim\u00e9e\" \/>\n\t<meta name=\"twitter:data1\" content=\"1 minute\" \/>\n<script type=\"application\/ld+json\" class=\"yoast-schema-graph\">{\"@context\":\"https:\\\/\\\/schema.org\",\"@graph\":[{\"@type\":\"WebPage\",\"@id\":\"https:\\\/\\\/manadeboch.com\\\/index.php\\\/le-domaine-copy\\\/\",\"url\":\"https:\\\/\\\/manadeboch.com\\\/index.php\\\/le-domaine-copy\\\/\",\"name\":\"Les activit\u00e9s traditionnelles - manadeboch.com\",\"isPartOf\":{\"@id\":\"https:\\\/\\\/manadeboch.com\\\/#website\"},\"primaryImageOfPage\":{\"@id\":\"https:\\\/\\\/manadeboch.com\\\/index.php\\\/le-domaine-copy\\\/#primaryimage\"},\"image\":{\"@id\":\"https:\\\/\\\/manadeboch.com\\\/index.php\\\/le-domaine-copy\\\/#primaryimage\"},\"thumbnailUrl\":\"https:\\\/\\\/manadeboch.com\\\/wp-content\\\/uploads\\\/2024\\\/04\\\/Design-sans-titre-3.jpg\",\"datePublished\":\"2026-05-15T14:04:50+00:00\",\"dateModified\":\"2026-05-15T14:15:49+00:00\",\"breadcrumb\":{\"@id\":\"https:\\\/\\\/manadeboch.com\\\/index.php\\\/le-domaine-copy\\\/#breadcrumb\"},\"inLanguage\":\"fr-FR\",\"potentialAction\":[{\"@type\":\"ReadAction\",\"target\":[\"https:\\\/\\\/manadeboch.com\\\/index.php\\\/le-domaine-copy\\\/\"]}]},{\"@type\":\"ImageObject\",\"inLanguage\":\"fr-FR\",\"@id\":\"https:\\\/\\\/manadeboch.com\\\/index.php\\\/le-domaine-copy\\\/#primaryimage\",\"url\":\"https:\\\/\\\/manadeboch.com\\\/wp-content\\\/uploads\\\/2024\\\/04\\\/Design-sans-titre-3.jpg\",\"contentUrl\":\"https:\\\/\\\/manadeboch.com\\\/wp-content\\\/uploads\\\/2024\\\/04\\\/Design-sans-titre-3.jpg\",\"width\":938,\"height\":1563},{\"@type\":\"BreadcrumbList\",\"@id\":\"https:\\\/\\\/manadeboch.com\\\/index.php\\\/le-domaine-copy\\\/#breadcrumb\",\"itemListElement\":[{\"@type\":\"ListItem\",\"position\":1,\"name\":\"Accueil\",\"item\":\"https:\\\/\\\/manadeboch.com\\\/\"},{\"@type\":\"ListItem\",\"position\":2,\"name\":\"Les activit\u00e9s traditionnelles\"}]},{\"@type\":\"WebSite\",\"@id\":\"https:\\\/\\\/manadeboch.com\\\/#website\",\"url\":\"https:\\\/\\\/manadeboch.com\\\/\",\"name\":\"manadeboch.com\",\"description\":\"\",\"publisher\":{\"@id\":\"https:\\\/\\\/manadeboch.com\\\/#organization\"},\"potentialAction\":[{\"@type\":\"SearchAction\",\"target\":{\"@type\":\"EntryPoint\",\"urlTemplate\":\"https:\\\/\\\/manadeboch.com\\\/?s={search_term_string}\"},\"query-input\":{\"@type\":\"PropertyValueSpecification\",\"valueRequired\":true,\"valueName\":\"search_term_string\"}}],\"inLanguage\":\"fr-FR\"},{\"@type\":\"Organization\",\"@id\":\"https:\\\/\\\/manadeboch.com\\\/#organization\",\"name\":\"Manade boch\",\"url\":\"https:\\\/\\\/manadeboch.com\\\/\",\"logo\":{\"@type\":\"ImageObject\",\"inLanguage\":\"fr-FR\",\"@id\":\"https:\\\/\\\/manadeboch.com\\\/#\\\/schema\\\/logo\\\/image\\\/\",\"url\":\"https:\\\/\\\/manadeboch.com\\\/wp-content\\\/uploads\\\/2024\\\/04\\\/cropped-MANADE-3.png\",\"contentUrl\":\"https:\\\/\\\/manadeboch.com\\\/wp-content\\\/uploads\\\/2024\\\/04\\\/cropped-MANADE-3.png\",\"width\":932,\"height\":194,\"caption\":\"Manade boch\"},\"image\":{\"@id\":\"https:\\\/\\\/manadeboch.com\\\/#\\\/schema\\\/logo\\\/image\\\/\"}}]}<\/script>\n<!-- \/ Yoast SEO plugin. -->","yoast_head_json":{"title":"Les activit\u00e9s traditionnelles - manadeboch.com","robots":{"index":"index","follow":"follow","max-snippet":"max-snippet:-1","max-image-preview":"max-image-preview:large","max-video-preview":"max-video-preview:-1"},"canonical":"https:\/\/manadeboch.com\/index.php\/le-domaine-copy\/","og_locale":"fr_FR","og_type":"article","og_title":"Les activit\u00e9s traditionnelles - manadeboch.com","og_description":"LES ACTIVIT\u00c9S TRADITIONNELLES D\u00e9paysement assur\u00e9\u202f\u00a0: nos activit\u00e9s Camarguaises vous feront voyager.Laissez-vous guider par vos h\u00f4tes\u00a0Olivier et Marion\u00a0qui, par un d\u00e9roulement soign\u00e9 durant lequel vous approcherez les taureaux, vous feront d\u00e9couvrir les activit\u00e9s principales d\u2019une manade. Une exp\u00e9rience immersive dans le quotidien des gardians D\u00e9couvrez en quelques mots notre domaine\u200b Vous vivrez une exp\u00e9rience en immersion dans le quotidien de nos gardians, qui partageront avec passion leurs traditions lors d&#8217;une exp\u00e9rience immersive inoubliable. Sur r\u00e9servation, nous vous proposons une vari\u00e9t\u00e9 d&#8217;animations pour enrichir votre s\u00e9jour :Un forfait Traditionnel commence par un accueil de tous les convives par une haie d&#8217;honneur de gardians \u00e0 l&#8217;entr\u00e9e de notre domaine, suivi d&#8217;une d\u00e9monstration sonoris\u00e9e et comment\u00e9e par le manadier sur le tri des taureaux, ainsi qu&#8217;une ferrade traditionnelle. Vous pouvez \u00e9galement agr\u00e9menter votre programme avec d&#8217;autres activit\u00e9s telles que : La course des vachettes Une visite guid\u00e9e du domaine en charrette tir\u00e9e par des chevaux Une ambiance musicale anim\u00e9e par un groupe de type Gipsy Kings Des promenades \u00e0 cheval Une animation musicale assur\u00e9e par un DJ accompagn\u00e9 d&#8217;un saxophoniste pour une ambiance festive et dynamique. J&#8217;ORGANISE MON \u00c9V\u00c8NEMENT \u00c0 LA MANADE","og_url":"https:\/\/manadeboch.com\/index.php\/le-domaine-copy\/","og_site_name":"manadeboch.com","article_modified_time":"2026-05-15T14:15:49+00:00","og_image":[{"width":938,"height":1563,"url":"https:\/\/manadeboch.com\/wp-content\/uploads\/2024\/04\/Design-sans-titre-3.jpg","type":"image\/jpeg"}],"twitter_card":"summary_large_image","twitter_misc":{"Dur\u00e9e de lecture estim\u00e9e":"1 minute"},"schema":{"@context":"https:\/\/schema.org","@graph":[{"@type":"WebPage","@id":"https:\/\/manadeboch.com\/index.php\/le-domaine-copy\/","url":"https:\/\/manadeboch.com\/index.php\/le-domaine-copy\/","name":"Les activit\u00e9s traditionnelles - manadeboch.com","isPartOf":{"@id":"https:\/\/manadeboch.com\/#website"},"primaryImageOfPage":{"@id":"https:\/\/manadeboch.com\/index.php\/le-domaine-copy\/#primaryimage"},"image":{"@id":"https:\/\/manadeboch.com\/index.php\/le-domaine-copy\/#primaryimage"},"thumbnailUrl":"https:\/\/manadeboch.com\/wp-content\/uploads\/2024\/04\/Design-sans-titre-3.jpg","datePublished":"2026-05-15T14:04:50+00:00","dateModified":"2026-05-15T14:15:49+00:00","breadcrumb":{"@id":"https:\/\/manadeboch.com\/index.php\/le-domaine-copy\/#breadcrumb"},"inLanguage":"fr-FR","potentialAction":[{"@type":"ReadAction","target":["https:\/\/manadeboch.com\/index.php\/le-domaine-copy\/"]}]},{"@type":"ImageObject","inLanguage":"fr-FR","@id":"https:\/\/manadeboch.com\/index.php\/le-domaine-copy\/#primaryimage","url":"https:\/\/manadeboch.com\/wp-content\/uploads\/2024\/04\/Design-sans-titre-3.jpg","contentUrl":"https:\/\/manadeboch.com\/wp-content\/uploads\/2024\/04\/Design-sans-titre-3.jpg","width":938,"height":1563},{"@type":"BreadcrumbList","@id":"https:\/\/manadeboch.com\/index.php\/le-domaine-copy\/#breadcrumb","itemListElement":[{"@type":"ListItem","position":1,"name":"Accueil","item":"https:\/\/manadeboch.com\/"},{"@type":"ListItem","position":2,"name":"Les activit\u00e9s traditionnelles"}]},{"@type":"WebSite","@id":"https:\/\/manadeboch.com\/#website","url":"https:\/\/manadeboch.com\/","name":"manadeboch.com","description":"","publisher":{"@id":"https:\/\/manadeboch.com\/#organization"},"potentialAction":[{"@type":"SearchAction","target":{"@type":"EntryPoint","urlTemplate":"https:\/\/manadeboch.com\/?s={search_term_string}"},"query-input":{"@type":"PropertyValueSpecification","valueRequired":true,"valueName":"search_term_string"}}],"inLanguage":"fr-FR"},{"@type":"Organization","@id":"https:\/\/manadeboch.com\/#organization","name":"Manade boch","url":"https:\/\/manadeboch.com\/","logo":{"@type":"ImageObject","inLanguage":"fr-FR","@id":"https:\/\/manadeboch.com\/#\/schema\/logo\/image\/","url":"https:\/\/manadeboch.com\/wp-content\/uploads\/2024\/04\/cropped-MANADE-3.png","contentUrl":"https:\/\/manadeboch.com\/wp-content\/uploads\/2024\/04\/cropped-MANADE-3.png","width":932,"height":194,"caption":"Manade boch"},"image":{"@id":"https:\/\/manadeboch.com\/#\/schema\/logo\/image\/"}}]}},"_links":{"self":[{"href":"https:\/\/manadeboch.com\/index.php\/wp-json\/wp\/v2\/pages\/2550","targetHints":{"allow":["GET"]}}],"collection":[{"href":"https:\/\/manadeboch.com\/index.php\/wp-json\/wp\/v2\/pages"}],"about":[{"href":"https:\/\/manadeboch.com\/index.php\/wp-json\/wp\/v2\/types\/page"}],"author":[{"embeddable":true,"href":"https:\/\/manadeboch.com\/index.php\/wp-json\/wp\/v2\/users\/1"}],"replies":[{"embeddable":true,"href":"https:\/\/manadeboch.com\/index.php\/wp-json\/wp\/v2\/comments?post=2550"}],"version-history":[{"count":10,"href":"https:\/\/manadeboch.com\/index.php\/wp-json\/wp\/v2\/pages\/2550\/revisions"}],"predecessor-version":[{"id":2566,"href":"https:\/\/manadeboch.com\/index.php\/wp-json\/wp\/v2\/pages\/2550\/revisions\/2566"}],"wp:attachment":[{"href":"https:\/\/manadeboch.com\/index.php\/wp-json\/wp\/v2\/media?parent=2550"}],"curies":[{"name":"wp","href":"https:\/\/api.w.org\/{rel}","templated":true}]}}