{"id":34,"date":"2024-04-17T10:38:34","date_gmt":"2024-04-17T08:38:34","guid":{"rendered":"https:\/\/manadeboch.com\/?page_id=34"},"modified":"2026-02-25T09:13:57","modified_gmt":"2026-02-25T08:13:57","slug":"evenements-familiaux","status":"publish","type":"page","link":"https:\/\/manadeboch.com\/index.php\/evenements-familiaux\/","title":{"rendered":"\u00c9v\u00e8nements familiaux"},"content":{"rendered":"\t\t<div data-elementor-type=\"wp-page\" data-elementor-id=\"34\" class=\"elementor elementor-34\">\n\t\t\t\t<div class=\"elementor-element elementor-element-53e3826 e-flex e-con-boxed wpr-particle-no wpr-jarallax-no wpr-parallax-no wpr-sticky-section-no wpr-equal-height-no elementor-invisible e-con e-parent\" data-id=\"53e3826\" data-element_type=\"container\" data-e-type=\"container\" data-settings=\"{&quot;animation&quot;:&quot;fadeInDown&quot;}\">\n\t\t\t\t\t<div class=\"e-con-inner\">\n\t\t\t\t<div class=\"elementor-element elementor-element-7296576 elementor-widget elementor-widget-heading\" data-id=\"7296576\" data-element_type=\"widget\" data-e-type=\"widget\" data-widget_type=\"heading.default\">\n\t\t\t\t\t<h2 class=\"elementor-heading-title elementor-size-default\">Vos \u00e9v\u00e8nements familiaux<\/h2>\t\t\t\t<\/div>\n\t\t\t\t<div class=\"elementor-element elementor-element-b2363ca elementor-widget elementor-widget-text-editor\" data-id=\"b2363ca\" data-element_type=\"widget\" data-e-type=\"widget\" data-widget_type=\"text-editor.default\">\n\t\t\t\t\t\t\t\t\t<p>Vivez des journ\u00e9es remplies de bonheur et d\u2019amour<\/p>\t\t\t\t\t\t\t\t<\/div>\n\t\t\t\t\t<\/div>\n\t\t\t\t<\/div>\n\t\t<div class=\"elementor-element elementor-element-6ebf419 e-flex e-con-boxed wpr-particle-no wpr-jarallax-no wpr-parallax-no wpr-sticky-section-no wpr-equal-height-no e-con e-parent\" data-id=\"6ebf419\" data-element_type=\"container\" data-e-type=\"container\" data-settings=\"{&quot;background_background&quot;:&quot;classic&quot;}\">\n\t\t\t\t\t<div class=\"e-con-inner\">\n\t\t<div class=\"elementor-element elementor-element-d073c77 e-con-full e-flex wpr-particle-no wpr-jarallax-no wpr-parallax-no wpr-sticky-section-no wpr-equal-height-no elementor-invisible e-con e-child\" data-id=\"d073c77\" data-element_type=\"container\" data-e-type=\"container\" data-settings=\"{&quot;animation&quot;:&quot;slideInLeft&quot;}\">\n\t\t\t\t<div class=\"elementor-element elementor-element-20f4233 elementor-hidden-mobile elementor-widget-tablet_extra__width-initial elementor-widget elementor-widget-image\" data-id=\"20f4233\" data-element_type=\"widget\" data-e-type=\"widget\" data-widget_type=\"image.default\">\n\t\t\t\t\t\t\t\t\t\t\t\t\t\t\t<img fetchpriority=\"high\" decoding=\"async\" width=\"938\" height=\"1563\" src=\"https:\/\/manadeboch.com\/wp-content\/uploads\/2024\/04\/Design-sans-titre-8.jpg\" class=\"attachment-full size-full wp-image-641\" alt=\"\" srcset=\"https:\/\/manadeboch.com\/wp-content\/uploads\/2024\/04\/Design-sans-titre-8.jpg 938w, https:\/\/manadeboch.com\/wp-content\/uploads\/2024\/04\/Design-sans-titre-8-180x300.jpg 180w, https:\/\/manadeboch.com\/wp-content\/uploads\/2024\/04\/Design-sans-titre-8-615x1024.jpg 615w, https:\/\/manadeboch.com\/wp-content\/uploads\/2024\/04\/Design-sans-titre-8-768x1280.jpg 768w, https:\/\/manadeboch.com\/wp-content\/uploads\/2024\/04\/Design-sans-titre-8-922x1536.jpg 922w\" sizes=\"(max-width: 938px) 100vw, 938px\" \/>\t\t\t\t\t\t\t\t\t\t\t\t\t\t\t<\/div>\n\t\t\t\t<\/div>\n\t\t<div class=\"elementor-element elementor-element-4a8716f e-con-full e-flex wpr-particle-no wpr-jarallax-no wpr-parallax-no wpr-sticky-section-no wpr-equal-height-no elementor-invisible e-con e-child\" data-id=\"4a8716f\" data-element_type=\"container\" data-e-type=\"container\" data-settings=\"{&quot;animation&quot;:&quot;slideInRight&quot;}\">\n\t\t\t\t<div class=\"elementor-element elementor-element-3c0c13e elementor-widget elementor-widget-heading\" data-id=\"3c0c13e\" data-element_type=\"widget\" data-e-type=\"widget\" data-widget_type=\"heading.default\">\n\t\t\t\t\t<h2 class=\"elementor-heading-title elementor-size-default\">Les \u00e9v\u00e8nements qui rassemblent toutes les g\u00e9n\u00e9rations\u200b<\/h2>\t\t\t\t<\/div>\n\t\t\t\t<div class=\"elementor-element elementor-element-7f505ff elementor-widget elementor-widget-text-editor\" data-id=\"7f505ff\" data-element_type=\"widget\" data-e-type=\"widget\" data-widget_type=\"text-editor.default\">\n\t\t\t\t\t\t\t\t\t<p>C\u00e9l\u00e9brez les moments les plus pr\u00e9cieux de votre vie. Que ce soit pour un bapt\u00eame, un anniversaire ou un cousinage, notre \u00e9quipe est l\u00e0 pour cr\u00e9er des souvenirs m\u00e9morables dans un cadre authentique. Au domaine, chacun peut partager des moments de bonheur et de complicit\u00e9.<\/p>\t\t\t\t\t\t\t\t<\/div>\n\t\t\t\t<div class=\"elementor-element elementor-element-4a8544e elementor-align-left elementor-mobile-align-center elementor-widget elementor-widget-button\" data-id=\"4a8544e\" data-element_type=\"widget\" data-e-type=\"widget\" data-widget_type=\"button.default\">\n\t\t\t\t\t\t\t\t\t\t<a class=\"elementor-button elementor-button-link elementor-size-sm\" href=\"https:\/\/manadeboch.com\/index.php\/domaines-et-activites-traditionnelles\/\">\n\t\t\t\t\t\t<span class=\"elementor-button-content-wrapper\">\n\t\t\t\t\t\t\t\t\t<span class=\"elementor-button-text\">D\u00c9COUVRIR LE DOMAINE<\/span>\n\t\t\t\t\t<\/span>\n\t\t\t\t\t<\/a>\n\t\t\t\t\t\t\t\t<\/div>\n\t\t\t\t<\/div>\n\t\t\t\t\t<\/div>\n\t\t\t\t<\/div>\n\t\t<div class=\"elementor-element elementor-element-69275d6 e-flex e-con-boxed wpr-particle-no wpr-jarallax-no wpr-parallax-no wpr-sticky-section-no wpr-equal-height-no elementor-invisible e-con e-parent\" data-id=\"69275d6\" data-element_type=\"container\" data-e-type=\"container\" data-settings=\"{&quot;animation&quot;:&quot;zoomIn&quot;}\">\n\t\t\t\t\t<div class=\"e-con-inner\">\n\t\t\t\t<div class=\"elementor-element elementor-element-c379cac elementor-widget elementor-widget-heading\" data-id=\"c379cac\" data-element_type=\"widget\" data-e-type=\"widget\" data-widget_type=\"heading.default\">\n\t\t\t\t\t<h2 class=\"elementor-heading-title elementor-size-default\">NOS FORMULES<\/h2>\t\t\t\t<\/div>\n\t\t\t\t\t<\/div>\n\t\t\t\t<\/div>\n\t\t<div class=\"elementor-element elementor-element-f295cc6 e-flex e-con-boxed wpr-particle-no wpr-jarallax-no wpr-parallax-no wpr-sticky-section-no wpr-equal-height-no elementor-invisible e-con e-parent\" data-id=\"f295cc6\" data-element_type=\"container\" data-e-type=\"container\" data-settings=\"{&quot;animation&quot;:&quot;fadeInUp&quot;}\">\n\t\t\t\t\t<div class=\"e-con-inner\">\n\t\t<div class=\"elementor-element elementor-element-e63b16c e-con-full e-flex wpr-particle-no wpr-jarallax-no wpr-parallax-no wpr-sticky-section-no wpr-equal-height-no e-con e-child\" data-id=\"e63b16c\" data-element_type=\"container\" data-e-type=\"container\">\n\t\t\t\t<div class=\"elementor-element elementor-element-53e082d elementor-widget elementor-widget-stratum-flip-box\" data-id=\"53e082d\" data-element_type=\"widget\" data-e-type=\"widget\" data-widget_type=\"stratum-flip-box.default\">\n\t\t\t\t\t<div class=\"stratum-flip-box flip-box-effect-slide flip-box-direction-up\">\n    <div class=\"stratum-flip-box__inner\">\n        <div class=\"stratum-flip-box__layer stratum-flip-box__front\">\n            <div class=\"stratum-flip-box__layer__overlay\">\n                <div class=\"stratum-flip-box__layer__inner\">\n\t\t\t\t\t                    <h3 class=\"stratum-flip-box__title\">FORMULE CL\u00c9 EN MAIN<\/h3>\n                    <div class=\"stratum-flip-box__description\"><\/div>\n                <\/div>\n            <\/div>\n        <\/div>\n\n        <div class=\"stratum-flip-box__layer stratum-flip-box__back\">\n            <div class=\"stratum-flip-box__layer__overlay\">\n                <div class=\"stratum-flip-box__layer__inner\">\n\t\t\t\t\t                    <h3 class=\"stratum-flip-box__title\"><\/h3>\n                    <div class=\"stratum-flip-box__description\">D\u00e9couvrez notre formule cl\u00e9 pour des \u00e9v\u00e9nements sans souci \u00e0 la Manade de la Camargue. Nous prenons en charge tous les d\u00e9tails selon vos d\u00e9sirs et directives, vous permettant de profiter pleinement de chaque instant sans vous soucier de l'organisation.\nNos tarifs sont calcul\u00e9s par personne et sont d\u00e9gressifs en fonction du nombre de participants, vous assurant ainsi une offre adapt\u00e9e \u00e0 votre budget et \u00e0 vos besoins.<\/div>\n\t\t\t\t\t\t\t\t\t<\/div>\n            <\/div>\n        <\/div>\n    <\/div>\n<\/div>\n\t\t\t\t<\/div>\n\t\t\t\t<\/div>\n\t\t<div class=\"elementor-element elementor-element-cc40cea e-con-full e-flex wpr-particle-no wpr-jarallax-no wpr-parallax-no wpr-sticky-section-no wpr-equal-height-no e-con e-child\" data-id=\"cc40cea\" data-element_type=\"container\" data-e-type=\"container\">\n\t\t\t\t<div class=\"elementor-element elementor-element-557766f elementor-widget elementor-widget-stratum-flip-box\" data-id=\"557766f\" data-element_type=\"widget\" data-e-type=\"widget\" data-widget_type=\"stratum-flip-box.default\">\n\t\t\t\t\t<div class=\"stratum-flip-box flip-box-effect-slide flip-box-direction-up\">\n    <div class=\"stratum-flip-box__inner\">\n        <div class=\"stratum-flip-box__layer stratum-flip-box__front\">\n            <div class=\"stratum-flip-box__layer__overlay\">\n                <div class=\"stratum-flip-box__layer__inner\">\n\t\t\t\t\t                    <h3 class=\"stratum-flip-box__title\">PRIVATISATION DU DOMAINE<\/h3>\n                    <div class=\"stratum-flip-box__description\"><\/div>\n                <\/div>\n            <\/div>\n        <\/div>\n\n        <div class=\"stratum-flip-box__layer stratum-flip-box__back\">\n            <div class=\"stratum-flip-box__layer__overlay\">\n                <div class=\"stratum-flip-box__layer__inner\">\n\t\t\t\t\t                    <h3 class=\"stratum-flip-box__title\"><\/h3>\n                    <div class=\"stratum-flip-box__description\">Avec notre formule de privatisation, vous avez la libert\u00e9 de faire appel aux \u00e9quipes de votre choix pour assurer la r\u00e9alisation de votre vision. Nous vous fournissons un cadre exceptionnel et toutes les installations n\u00e9cessaires, et vous \u00eates libre d'engager les prestataires qui correspondent le mieux \u00e0 vos besoins et \u00e0 votre style.<\/div>\n\t\t\t\t\t\t\t\t\t<\/div>\n            <\/div>\n        <\/div>\n    <\/div>\n<\/div>\n\t\t\t\t<\/div>\n\t\t\t\t<\/div>\n\t\t\t\t\t<\/div>\n\t\t\t\t<\/div>\n\t\t<div class=\"elementor-element elementor-element-89629f8 e-flex e-con-boxed wpr-particle-no wpr-jarallax-no wpr-parallax-no wpr-sticky-section-no wpr-equal-height-no e-con e-parent\" data-id=\"89629f8\" data-element_type=\"container\" data-e-type=\"container\">\n\t\t\t\t\t<div class=\"e-con-inner\">\n\t\t\t\t<div class=\"elementor-element elementor-element-7835557 elementor-widget elementor-widget-heading\" data-id=\"7835557\" data-element_type=\"widget\" data-e-type=\"widget\" data-widget_type=\"heading.default\">\n\t\t\t\t\t<h2 class=\"elementor-heading-title elementor-size-default\">ET POUR ENCORE PLUS DE FESTIVIT\u00c9S<\/h2>\t\t\t\t<\/div>\n\t\t\t\t<div class=\"elementor-element elementor-element-9d179ac elementor-widget elementor-widget-text-editor\" data-id=\"9d179ac\" data-element_type=\"widget\" data-e-type=\"widget\" data-widget_type=\"text-editor.default\">\n\t\t\t\t\t\t\t\t\t<p>En plus de nos formules de base, nous vous offrons la possibilit\u00e9 d&#8217;ajouter des touches authentiques de la culture camarguaise pour une exp\u00e9rience encore plus m\u00e9morable.<\/p>\t\t\t\t\t\t\t\t<\/div>\n\t\t\t\t<div class=\"elementor-element elementor-element-ff83b34 elementor-align-center elementor-mobile-align-center elementor-widget elementor-widget-button\" data-id=\"ff83b34\" data-element_type=\"widget\" data-e-type=\"widget\" data-widget_type=\"button.default\">\n\t\t\t\t\t\t\t\t\t\t<a class=\"elementor-button elementor-button-link elementor-size-sm\" href=\"https:\/\/www.canva.com\/design\/DAG4aDTBhaM\/fPRnM61pJwcMHErRJxOl9Q\/view?utm_content=DAG4aDTBhaM&#038;utm_campaign=designshare&#038;utm_medium=link2&#038;utm_source=uniquelinks&#038;utlId=h8ed6cbda4d\">\n\t\t\t\t\t\t<span class=\"elementor-button-content-wrapper\">\n\t\t\t\t\t\t\t\t\t<span class=\"elementor-button-text\">D\u00c9COUVRIR LE DOMAINE<\/span>\n\t\t\t\t\t<\/span>\n\t\t\t\t\t<\/a>\n\t\t\t\t\t\t\t\t<\/div>\n\t\t\t\t<div class=\"elementor-element elementor-element-fd1bb0a elementor-align-center elementor-widget elementor-widget-button\" data-id=\"fd1bb0a\" data-element_type=\"widget\" data-e-type=\"widget\" data-widget_type=\"button.default\">\n\t\t\t\t\t\t\t\t\t\t<a class=\"elementor-button elementor-button-link elementor-size-sm\" href=\"https:\/\/www.canva.com\/design\/DAG4aDTBhaM\/fPRnM61pJwcMHErRJxOl9Q\/view?utm_content=DAG4aDTBhaM&#038;utm_campaign=designshare&#038;utm_medium=link2&#038;utm_source=uniquelinks&#038;utlId=h8ed6cbda4d\">\n\t\t\t\t\t\t<span class=\"elementor-button-content-wrapper\">\n\t\t\t\t\t\t\t\t\t<span class=\"elementor-button-text\">Mobilier a disposition<\/span>\n\t\t\t\t\t<\/span>\n\t\t\t\t\t<\/a>\n\t\t\t\t\t\t\t\t<\/div>\n\t\t\t\t\t<\/div>\n\t\t\t\t<\/div>\n\t\t<div class=\"elementor-element elementor-element-8b7109b e-con-full e-flex wpr-particle-no wpr-jarallax-no wpr-parallax-no wpr-sticky-section-no wpr-equal-height-no e-con e-parent\" data-id=\"8b7109b\" data-element_type=\"container\" data-e-type=\"container\" data-settings=\"{&quot;background_background&quot;:&quot;classic&quot;}\">\n\t\t\t\t<div class=\"elementor-element elementor-element-1a358e7 elementor-align-center elementor-widget elementor-widget-button\" data-id=\"1a358e7\" data-element_type=\"widget\" data-e-type=\"widget\" data-widget_type=\"button.default\">\n\t\t\t\t\t\t\t\t\t\t<a class=\"elementor-button elementor-button-link elementor-size-sm\" href=\"https:\/\/manadeboch.com\/index.php\/infos-pratiques\/\">\n\t\t\t\t\t\t<span class=\"elementor-button-content-wrapper\">\n\t\t\t\t\t\t\t\t\t<span class=\"elementor-button-text\">OBTENIR MON DEVIS<\/span>\n\t\t\t\t\t<\/span>\n\t\t\t\t\t<\/a>\n\t\t\t\t\t\t\t\t<\/div>\n\t\t\t\t<\/div>\n\t\t\t\t<\/div>\n\t\t","protected":false},"excerpt":{"rendered":"<p>Vos \u00e9v\u00e8nements familiaux Vivez des journ\u00e9es remplies de bonheur et d\u2019amour Les \u00e9v\u00e8nements qui rassemblent toutes les g\u00e9n\u00e9rations\u200b C\u00e9l\u00e9brez les moments les plus pr\u00e9cieux de votre vie. Que ce soit pour un bapt\u00eame, un anniversaire ou un cousinage, notre \u00e9quipe est l\u00e0 pour cr\u00e9er des souvenirs m\u00e9morables dans un cadre authentique. Au domaine, chacun peut partager des moments de bonheur et de complicit\u00e9. D\u00c9COUVRIR LE DOMAINE NOS FORMULES ET POUR ENCORE PLUS DE FESTIVIT\u00c9S En plus de nos formules de base, nous vous offrons la possibilit\u00e9 d&#8217;ajouter des touches authentiques de la culture camarguaise pour une exp\u00e9rience encore plus m\u00e9morable. D\u00c9COUVRIR LE DOMAINE Mobilier a disposition OBTENIR MON DEVIS<\/p>\n","protected":false},"author":1,"featured_media":0,"parent":0,"menu_order":0,"comment_status":"closed","ping_status":"closed","template":"","meta":{"_themeisle_gutenberg_block_has_review":false,"two_page_speed":[],"footnotes":""},"class_list":["post-34","page","type-page","status-publish","hentry","entry"],"yoast_head":"<!-- This site is optimized with the Yoast SEO plugin v27.4 - https:\/\/yoast.com\/product\/yoast-seo-wordpress\/ -->\n<title>\u00c9v\u00e8nements familiaux - manadeboch.com<\/title>\n<meta name=\"robots\" content=\"index, follow, max-snippet:-1, max-image-preview:large, max-video-preview:-1\" \/>\n<link rel=\"canonical\" href=\"https:\/\/manadeboch.com\/index.php\/evenements-familiaux\/\" \/>\n<meta property=\"og:locale\" content=\"fr_FR\" \/>\n<meta property=\"og:type\" content=\"article\" \/>\n<meta property=\"og:title\" content=\"\u00c9v\u00e8nements familiaux - manadeboch.com\" \/>\n<meta property=\"og:description\" content=\"Vos \u00e9v\u00e8nements familiaux Vivez des journ\u00e9es remplies de bonheur et d\u2019amour Les \u00e9v\u00e8nements qui rassemblent toutes les g\u00e9n\u00e9rations\u200b C\u00e9l\u00e9brez les moments les plus pr\u00e9cieux de votre vie. Que ce soit pour un bapt\u00eame, un anniversaire ou un cousinage, notre \u00e9quipe est l\u00e0 pour cr\u00e9er des souvenirs m\u00e9morables dans un cadre authentique. Au domaine, chacun peut partager des moments de bonheur et de complicit\u00e9. D\u00c9COUVRIR LE DOMAINE NOS FORMULES ET POUR ENCORE PLUS DE FESTIVIT\u00c9S En plus de nos formules de base, nous vous offrons la possibilit\u00e9 d&#8217;ajouter des touches authentiques de la culture camarguaise pour une exp\u00e9rience encore plus m\u00e9morable. D\u00c9COUVRIR LE DOMAINE Mobilier a disposition OBTENIR MON DEVIS\" \/>\n<meta property=\"og:url\" content=\"https:\/\/manadeboch.com\/index.php\/evenements-familiaux\/\" \/>\n<meta property=\"og:site_name\" content=\"manadeboch.com\" \/>\n<meta property=\"article:modified_time\" content=\"2026-02-25T08:13:57+00:00\" \/>\n<meta property=\"og:image\" content=\"https:\/\/manadeboch.com\/wp-content\/uploads\/2024\/04\/Design-sans-titre-8.jpg\" \/>\n\t<meta property=\"og:image:width\" content=\"938\" \/>\n\t<meta property=\"og:image:height\" content=\"1563\" \/>\n\t<meta property=\"og:image:type\" content=\"image\/jpeg\" \/>\n<meta name=\"twitter:card\" content=\"summary_large_image\" \/>\n<meta name=\"twitter:label1\" content=\"Dur\u00e9e de lecture estim\u00e9e\" \/>\n\t<meta name=\"twitter:data1\" content=\"1 minute\" \/>\n<script type=\"application\/ld+json\" class=\"yoast-schema-graph\">{\"@context\":\"https:\\\/\\\/schema.org\",\"@graph\":[{\"@type\":\"WebPage\",\"@id\":\"https:\\\/\\\/manadeboch.com\\\/index.php\\\/evenements-familiaux\\\/\",\"url\":\"https:\\\/\\\/manadeboch.com\\\/index.php\\\/evenements-familiaux\\\/\",\"name\":\"\u00c9v\u00e8nements familiaux - manadeboch.com\",\"isPartOf\":{\"@id\":\"https:\\\/\\\/manadeboch.com\\\/#website\"},\"primaryImageOfPage\":{\"@id\":\"https:\\\/\\\/manadeboch.com\\\/index.php\\\/evenements-familiaux\\\/#primaryimage\"},\"image\":{\"@id\":\"https:\\\/\\\/manadeboch.com\\\/index.php\\\/evenements-familiaux\\\/#primaryimage\"},\"thumbnailUrl\":\"https:\\\/\\\/manadeboch.com\\\/wp-content\\\/uploads\\\/2024\\\/04\\\/Design-sans-titre-8.jpg\",\"datePublished\":\"2024-04-17T08:38:34+00:00\",\"dateModified\":\"2026-02-25T08:13:57+00:00\",\"breadcrumb\":{\"@id\":\"https:\\\/\\\/manadeboch.com\\\/index.php\\\/evenements-familiaux\\\/#breadcrumb\"},\"inLanguage\":\"fr-FR\",\"potentialAction\":[{\"@type\":\"ReadAction\",\"target\":[\"https:\\\/\\\/manadeboch.com\\\/index.php\\\/evenements-familiaux\\\/\"]}]},{\"@type\":\"ImageObject\",\"inLanguage\":\"fr-FR\",\"@id\":\"https:\\\/\\\/manadeboch.com\\\/index.php\\\/evenements-familiaux\\\/#primaryimage\",\"url\":\"https:\\\/\\\/manadeboch.com\\\/wp-content\\\/uploads\\\/2024\\\/04\\\/Design-sans-titre-8.jpg\",\"contentUrl\":\"https:\\\/\\\/manadeboch.com\\\/wp-content\\\/uploads\\\/2024\\\/04\\\/Design-sans-titre-8.jpg\",\"width\":938,\"height\":1563},{\"@type\":\"BreadcrumbList\",\"@id\":\"https:\\\/\\\/manadeboch.com\\\/index.php\\\/evenements-familiaux\\\/#breadcrumb\",\"itemListElement\":[{\"@type\":\"ListItem\",\"position\":1,\"name\":\"Accueil\",\"item\":\"https:\\\/\\\/manadeboch.com\\\/\"},{\"@type\":\"ListItem\",\"position\":2,\"name\":\"\u00c9v\u00e8nements familiaux\"}]},{\"@type\":\"WebSite\",\"@id\":\"https:\\\/\\\/manadeboch.com\\\/#website\",\"url\":\"https:\\\/\\\/manadeboch.com\\\/\",\"name\":\"manadeboch.com\",\"description\":\"\",\"publisher\":{\"@id\":\"https:\\\/\\\/manadeboch.com\\\/#organization\"},\"potentialAction\":[{\"@type\":\"SearchAction\",\"target\":{\"@type\":\"EntryPoint\",\"urlTemplate\":\"https:\\\/\\\/manadeboch.com\\\/?s={search_term_string}\"},\"query-input\":{\"@type\":\"PropertyValueSpecification\",\"valueRequired\":true,\"valueName\":\"search_term_string\"}}],\"inLanguage\":\"fr-FR\"},{\"@type\":\"Organization\",\"@id\":\"https:\\\/\\\/manadeboch.com\\\/#organization\",\"name\":\"Manade boch\",\"url\":\"https:\\\/\\\/manadeboch.com\\\/\",\"logo\":{\"@type\":\"ImageObject\",\"inLanguage\":\"fr-FR\",\"@id\":\"https:\\\/\\\/manadeboch.com\\\/#\\\/schema\\\/logo\\\/image\\\/\",\"url\":\"https:\\\/\\\/manadeboch.com\\\/wp-content\\\/uploads\\\/2024\\\/04\\\/cropped-MANADE-3.png\",\"contentUrl\":\"https:\\\/\\\/manadeboch.com\\\/wp-content\\\/uploads\\\/2024\\\/04\\\/cropped-MANADE-3.png\",\"width\":932,\"height\":194,\"caption\":\"Manade boch\"},\"image\":{\"@id\":\"https:\\\/\\\/manadeboch.com\\\/#\\\/schema\\\/logo\\\/image\\\/\"}}]}<\/script>\n<!-- \/ Yoast SEO plugin. -->","yoast_head_json":{"title":"\u00c9v\u00e8nements familiaux - manadeboch.com","robots":{"index":"index","follow":"follow","max-snippet":"max-snippet:-1","max-image-preview":"max-image-preview:large","max-video-preview":"max-video-preview:-1"},"canonical":"https:\/\/manadeboch.com\/index.php\/evenements-familiaux\/","og_locale":"fr_FR","og_type":"article","og_title":"\u00c9v\u00e8nements familiaux - manadeboch.com","og_description":"Vos \u00e9v\u00e8nements familiaux Vivez des journ\u00e9es remplies de bonheur et d\u2019amour Les \u00e9v\u00e8nements qui rassemblent toutes les g\u00e9n\u00e9rations\u200b C\u00e9l\u00e9brez les moments les plus pr\u00e9cieux de votre vie. Que ce soit pour un bapt\u00eame, un anniversaire ou un cousinage, notre \u00e9quipe est l\u00e0 pour cr\u00e9er des souvenirs m\u00e9morables dans un cadre authentique. Au domaine, chacun peut partager des moments de bonheur et de complicit\u00e9. D\u00c9COUVRIR LE DOMAINE NOS FORMULES ET POUR ENCORE PLUS DE FESTIVIT\u00c9S En plus de nos formules de base, nous vous offrons la possibilit\u00e9 d&#8217;ajouter des touches authentiques de la culture camarguaise pour une exp\u00e9rience encore plus m\u00e9morable. D\u00c9COUVRIR LE DOMAINE Mobilier a disposition OBTENIR MON DEVIS","og_url":"https:\/\/manadeboch.com\/index.php\/evenements-familiaux\/","og_site_name":"manadeboch.com","article_modified_time":"2026-02-25T08:13:57+00:00","og_image":[{"width":938,"height":1563,"url":"https:\/\/manadeboch.com\/wp-content\/uploads\/2024\/04\/Design-sans-titre-8.jpg","type":"image\/jpeg"}],"twitter_card":"summary_large_image","twitter_misc":{"Dur\u00e9e de lecture estim\u00e9e":"1 minute"},"schema":{"@context":"https:\/\/schema.org","@graph":[{"@type":"WebPage","@id":"https:\/\/manadeboch.com\/index.php\/evenements-familiaux\/","url":"https:\/\/manadeboch.com\/index.php\/evenements-familiaux\/","name":"\u00c9v\u00e8nements familiaux - manadeboch.com","isPartOf":{"@id":"https:\/\/manadeboch.com\/#website"},"primaryImageOfPage":{"@id":"https:\/\/manadeboch.com\/index.php\/evenements-familiaux\/#primaryimage"},"image":{"@id":"https:\/\/manadeboch.com\/index.php\/evenements-familiaux\/#primaryimage"},"thumbnailUrl":"https:\/\/manadeboch.com\/wp-content\/uploads\/2024\/04\/Design-sans-titre-8.jpg","datePublished":"2024-04-17T08:38:34+00:00","dateModified":"2026-02-25T08:13:57+00:00","breadcrumb":{"@id":"https:\/\/manadeboch.com\/index.php\/evenements-familiaux\/#breadcrumb"},"inLanguage":"fr-FR","potentialAction":[{"@type":"ReadAction","target":["https:\/\/manadeboch.com\/index.php\/evenements-familiaux\/"]}]},{"@type":"ImageObject","inLanguage":"fr-FR","@id":"https:\/\/manadeboch.com\/index.php\/evenements-familiaux\/#primaryimage","url":"https:\/\/manadeboch.com\/wp-content\/uploads\/2024\/04\/Design-sans-titre-8.jpg","contentUrl":"https:\/\/manadeboch.com\/wp-content\/uploads\/2024\/04\/Design-sans-titre-8.jpg","width":938,"height":1563},{"@type":"BreadcrumbList","@id":"https:\/\/manadeboch.com\/index.php\/evenements-familiaux\/#breadcrumb","itemListElement":[{"@type":"ListItem","position":1,"name":"Accueil","item":"https:\/\/manadeboch.com\/"},{"@type":"ListItem","position":2,"name":"\u00c9v\u00e8nements familiaux"}]},{"@type":"WebSite","@id":"https:\/\/manadeboch.com\/#website","url":"https:\/\/manadeboch.com\/","name":"manadeboch.com","description":"","publisher":{"@id":"https:\/\/manadeboch.com\/#organization"},"potentialAction":[{"@type":"SearchAction","target":{"@type":"EntryPoint","urlTemplate":"https:\/\/manadeboch.com\/?s={search_term_string}"},"query-input":{"@type":"PropertyValueSpecification","valueRequired":true,"valueName":"search_term_string"}}],"inLanguage":"fr-FR"},{"@type":"Organization","@id":"https:\/\/manadeboch.com\/#organization","name":"Manade boch","url":"https:\/\/manadeboch.com\/","logo":{"@type":"ImageObject","inLanguage":"fr-FR","@id":"https:\/\/manadeboch.com\/#\/schema\/logo\/image\/","url":"https:\/\/manadeboch.com\/wp-content\/uploads\/2024\/04\/cropped-MANADE-3.png","contentUrl":"https:\/\/manadeboch.com\/wp-content\/uploads\/2024\/04\/cropped-MANADE-3.png","width":932,"height":194,"caption":"Manade boch"},"image":{"@id":"https:\/\/manadeboch.com\/#\/schema\/logo\/image\/"}}]}},"_links":{"self":[{"href":"https:\/\/manadeboch.com\/index.php\/wp-json\/wp\/v2\/pages\/34","targetHints":{"allow":["GET"]}}],"collection":[{"href":"https:\/\/manadeboch.com\/index.php\/wp-json\/wp\/v2\/pages"}],"about":[{"href":"https:\/\/manadeboch.com\/index.php\/wp-json\/wp\/v2\/types\/page"}],"author":[{"embeddable":true,"href":"https:\/\/manadeboch.com\/index.php\/wp-json\/wp\/v2\/users\/1"}],"replies":[{"embeddable":true,"href":"https:\/\/manadeboch.com\/index.php\/wp-json\/wp\/v2\/comments?post=34"}],"version-history":[{"count":124,"href":"https:\/\/manadeboch.com\/index.php\/wp-json\/wp\/v2\/pages\/34\/revisions"}],"predecessor-version":[{"id":2517,"href":"https:\/\/manadeboch.com\/index.php\/wp-json\/wp\/v2\/pages\/34\/revisions\/2517"}],"wp:attachment":[{"href":"https:\/\/manadeboch.com\/index.php\/wp-json\/wp\/v2\/media?parent=34"}],"curies":[{"name":"wp","href":"https:\/\/api.w.org\/{rel}","templated":true}]}}